{"id":41,"date":"2024-06-11T12:07:59","date_gmt":"2024-06-11T10:07:59","guid":{"rendered":"https:\/\/imagine-stim.eu\/?page_id=41"},"modified":"2024-06-14T15:40:21","modified_gmt":"2024-06-14T13:40:21","slug":"das-imagine-stim-projekt","status":"publish","type":"page","link":"https:\/\/imagine-stim.eu\/index.php\/de\/das-imagine-stim-projekt\/","title":{"rendered":"Das Imagine-Stim Projekt"},"content":{"rendered":"\n<p>Epilepsie, eine neurologische St\u00f6rung, von der fast 1 % der Allgemeinbev\u00f6lkerung und etwa 25 % der Menschen mit geistiger Behinderung betroffen sind, wird in der Regel mit Antiepileptika behandelt. Diese Medikamente regulieren die elektrische Aktivit\u00e4t des Gehirns, um epileptische Anf\u00e4lle zu verhindern oder zu lindern. In einem Drittel der F\u00e4lle erweist sich die Behandlung jedoch als unwirksam. Medikamentenresistente Epilepsie ist bei Menschen mit geistigen Behinderungen sogar noch h\u00e4ufiger anzutreffen und betrifft zwei Drittel der Patienten.<\/p>\n\n\n\n<p>F\u00fcr diese Menschen gibt es Hoffnung durch eine innovative Therapie: die Hirnstimulation. Dabei wird ein Ger\u00e4t, das einem Herzschrittmacher \u00e4hnelt, unter dem Schl\u00fcsselbein implantiert, das elektrische Impulse an bestimmte Bereiche unter der Kopfhaut abgibt. Studien haben gezeigt, dass diese elektrische Stimulation die Zahl der epileptischen Anf\u00e4lle pro Monat um mehr als die H\u00e4lfte reduziert.<\/p>\n\n\n\n<p>Das ICube-Labor (Universit\u00e4t Stra\u00dfburg und CNRS) und seine Partner wollen diese Technik durch die Entwicklung personalisierter, bildgest\u00fctzter Hirnstimulationstechniken verbessern, um ma\u00dfgeschneiderte Behandlungen anzubieten.<\/p>\n\n\n\n<p>Zun\u00e4chst werden die Projektpartner mit Hilfe von bildgebenden Verfahren, die MRT und Elektroenzephalogramm kombinieren, eine detaillierte Beschreibung der mit geistigen Behinderungen und Epilepsie verbundenen Gehirnnetzwerke erstellen. Anschlie\u00dfend werden sie die Einstellungen f\u00fcr die elektrische Stimulation optimieren, das System an Patienten kalibrieren und die Hirnstr\u00f6me vor und nach der therapeutischen Hirnstimulation aufzeichnen. Das gesammelte Wissen wird an einen Industriepartner, Precisis in Heidelberg, weitergegeben, um die Stimulationstechniken zu verfeinern.<\/p>\n\n\n\n<p>Das Projekt IMAGINE-STIM ist ein wichtiger Schritt auf dem Weg zu einer gro\u00df angelegten medizinischen und sozialen Initiative. Es zielt darauf ab, Synergien zwischen spezialisierten Zentren f\u00fcr Epilepsiebehandlung und Bildgebung zu schaffen, um ein grenz\u00fcberschreitendes Versorgungsnetz aufzubauen. Ziel ist es, einer gef\u00e4hrdeten Bev\u00f6lkerungsgruppe, die sowohl an Epilepsie als auch an geistigen Behinderungen leidet, wirksamere und weniger invasive personalisierte Behandlungen anzubieten. Durch die Einrichtung eines Videoforums soll der Wissenstransfer auf Patienten- und Betreuerverb\u00e4nde ausgedehnt werden, um ein besseres Verst\u00e4ndnis f\u00fcr diese neuen therapeutischen Ans\u00e4tze zu erm\u00f6glichen.<\/p>\n","protected":false},"excerpt":{"rendered":"<p>Innovative Behandlung f\u00fcr Patienten mit Epilepsie und geistiger Behinderung: Das Projekt IMAGINE-STIM entwickelt eine bildgest\u00fctzte therapeutische Hirnstimulation<\/p>\n","protected":false},"author":2,"featured_media":0,"parent":0,"menu_order":0,"comment_status":"closed","ping_status":"closed","template":"","meta":{"footnotes":""},"class_list":["post-41","page","type-page","status-publish","hentry"],"_links":{"self":[{"href":"https:\/\/imagine-stim.eu\/index.php\/wp-json\/wp\/v2\/pages\/41","targetHints":{"allow":["GET"]}}],"collection":[{"href":"https:\/\/imagine-stim.eu\/index.php\/wp-json\/wp\/v2\/pages"}],"about":[{"href":"https:\/\/imagine-stim.eu\/index.php\/wp-json\/wp\/v2\/types\/page"}],"author":[{"embeddable":true,"href":"https:\/\/imagine-stim.eu\/index.php\/wp-json\/wp\/v2\/users\/2"}],"replies":[{"embeddable":true,"href":"https:\/\/imagine-stim.eu\/index.php\/wp-json\/wp\/v2\/comments?post=41"}],"version-history":[{"count":4,"href":"https:\/\/imagine-stim.eu\/index.php\/wp-json\/wp\/v2\/pages\/41\/revisions"}],"predecessor-version":[{"id":212,"href":"https:\/\/imagine-stim.eu\/index.php\/wp-json\/wp\/v2\/pages\/41\/revisions\/212"}],"wp:attachment":[{"href":"https:\/\/imagine-stim.eu\/index.php\/wp-json\/wp\/v2\/media?parent=41"}],"curies":[{"name":"wp","href":"https:\/\/api.w.org\/{rel}","templated":true}]}}