{"id":50,"date":"2024-06-11T12:16:39","date_gmt":"2024-06-11T10:16:39","guid":{"rendered":"https:\/\/imagine-stim.eu\/?page_id=50"},"modified":"2024-11-04T15:59:35","modified_gmt":"2024-11-04T14:59:35","slug":"elementor-50","status":"publish","type":"page","link":"https:\/\/imagine-stim.eu\/index.php\/elementor-50\/","title":{"rendered":"Les partenaires du projet"},"content":{"rendered":"<p><\/p>\n<p>IMAGINE-STIM est un projet de collaboration transfrontali\u00e8re du programme Offensive Sciences de la R\u00e9gion M\u00e9tropolitaine trinationale du Rhin Sup\u00e9rieur.<br \/><br \/>Des \u00e9quipes de recherche franco-allemandes travailleront ensemble afin de mieux comprendre les maladies rares et complexes du cerveau, qui g\u00e9n\u00e8rent \u00e0 la fois la d\u00e9ficience intellectuelle et les crises \u00e9pileptiques.<\/p>\n<p><\/p>\n<p><\/p>\n<p><\/p>\n<p><\/p>\n<p><\/p>\t\t\n\t\t\t<style>\/*! elementor - v3.21.0 - 26-05-2024 *\/\n.elementor-heading-title{padding:0;margin:0;line-height:1}.elementor-widget-heading .elementor-heading-title[class*=elementor-size-]>a{color:inherit;font-size:inherit;line-height:inherit}.elementor-widget-heading .elementor-heading-title.elementor-size-small{font-size:15px}.elementor-widget-heading .elementor-heading-title.elementor-size-medium{font-size:19px}.elementor-widget-heading .elementor-heading-title.elementor-size-large{font-size:29px}.elementor-widget-heading .elementor-heading-title.elementor-size-xl{font-size:39px}.elementor-widget-heading .elementor-heading-title.elementor-size-xxl{font-size:59px}<\/style><h3>Universit\u00e9 de Strasbourg<\/h3>\t\t\n\t\t<p><strong><a href=\"https:\/\/imis.icube.unistra.fr\/index.php?title=Accueil\">ICube<\/a><a href=\"https:\/\/imis.icube.unistra.fr\/index.php?title=Accueil\"> &#8211; Laboratoire des sciences de l&#8217;ing\u00e9nieur, de l&#8217;informatique et de l&#8217;imagerie &#8211; \u00e9quipe IMIS <\/a><br \/><\/strong><\/p>\n<p>Le laboratoire ICube rassemble des comp\u00e9tences dans les domaines de l&#8217;ing\u00e9nierie biom\u00e9dicale, de l&#8217;imagerie m\u00e9dicale (technologies bas\u00e9es sur l\u2019imagerie par r\u00e9sonance magn\u00e9tique nucl\u00e9aire -IRM), de l&#8217;informatique et de la recherche m\u00e9dicale. <br \/>L&#8217;\u00e9quipe IMIS concentre ses recherches sur le d\u00e9veloppement de m\u00e9thodes d&#8217;imagerie, en particulier l&#8217;IRM &#8211; pour \u00e9tudier de mani\u00e8re non invasive la connectivit\u00e9 c\u00e9r\u00e9brale structurelle et fonctionnelle du cerveau. <br \/>L&#8217;objectif majeur est l&#8217;identification de nouvelles signatures pertinentes bas\u00e9es sur l&#8217;IRM multimodale quantitative, les caract\u00e9ristiques des r\u00e9seaux c\u00e9r\u00e9braux et les traits comportementaux ou cliniques pour d\u00e9voiler les m\u00e9canismes pathologiques, pr\u00e9dire et diagnostiquer les troubles neurologiques, d\u00e9finir des cibles th\u00e9rapeutiques et fournir un terrain pour tester des approches th\u00e9rapeutiques. <br \/>Les projets d&#8217;IMIS ont fortement d\u00e9velopp\u00e9 une synergie entre la recherche pr\u00e9clinique &#8211; s&#8217;appuyant sur l&#8217;utilisation de mod\u00e8les animaux de troubles c\u00e9r\u00e9braux &#8211; et la recherche clinique humaine, tant sur le plan m\u00e9thodologique qu&#8217;applicatif.<\/p><h3><b>H\u00f4pital<\/b> <b>Universitaire<\/b><b> de <\/b><b>Fribourg<\/b><\/h3><p><a href=\"https:\/\/www.uniklinik-freiburg.de\/epilepsie-fr.html\"><strong>Centre d\u2019Epilepsie de Fribourg <\/strong><\/a><\/p>\n<p>En tant que centre de soins maximum, le Centre d&#8217;\u00e9pilepsie de Freiburg du Centre m\u00e9dical universitaire de Fribourg offre toutes les techniques d&#8217;examen et de traitement \u00e9tablies pour les patients \u00e9pileptiques de tous \u00e2ges. En tant que centre de r\u00e9f\u00e9rence reconnu dans le Bade-Wurtemberg et en tant que centre de r\u00e9f\u00e9rence europ\u00e9en du r\u00e9seau EpiCare, le centre est en contact avec les principaux centres internationaux pour le diagnostic et le traitement des \u00e9pilepsies complexes et rares.<br \/>Il propose des diagnostics multimodaux complets pour les \u00e9pilepsies \u00e0 des fins de diagnostic diff\u00e9rentiel ainsi que des programmes de diagnostic sp\u00e9cifiques pour la planification de th\u00e9rapies particuli\u00e8res. Il est ainsi possible d&#8217;identifier avec pr\u00e9cision l&#8217;origine de la crise. Sur le plan th\u00e9rapeutique, des m\u00e9thodes de traitement sp\u00e9cifiques, notamment la neurostimulation et les proc\u00e9dures chirurgicales, sont propos\u00e9es en plus des m\u00e9dicaments.<\/p>\n<p>Dans le cadre du projet EPILEPSIAE financ\u00e9 par l&#8217;UE, le Centre d&#8217;\u00e9pilepsie a cr\u00e9\u00e9 la base de donn\u00e9es EEG la plus compl\u00e8te au monde \u00e0 ce jour avec des enregistrements \u00e0 long terme de patients \u00e9pileptiques. Le centre a particip\u00e9 avec succ\u00e8s au d\u00e9veloppement de base du syst\u00e8me de neurostimulation de Precisis.<\/p>\n<p>Parmi les nombreuses collaborations dans le domaine de la neurotechnologie, citons la coop\u00e9ration dans des projets avec Precisis et des sous-projets dans le cadre du p\u00f4le d&#8217;excellence BrainLinks-BrainTools pour le d\u00e9veloppement de modules destin\u00e9s \u00e0 des implants c\u00e9r\u00e9braux intelligents.<br \/><br \/>Dans le domaine de la surveillance mobile des crises, le Centre d&#8217;\u00e9pilepsie a particip\u00e9 \u00e0 trois collaborations de recherche internationales (RADAR-CNS, SeizeIT2, My Seizure Gauge) pour la surveillance des crises avec des syst\u00e8mes d&#8217;enregistrement de biosignaux multimodaux (acc\u00e9l\u00e9rom\u00e9trie, photopl\u00e9thysmographie, conductivit\u00e9 de la peau, etc.)<\/p><p><a href=\"https:\/\/www.uniklinik-freiburg.de\/mr-en\/research-groups\/abi\/imagine-stim.html\"><strong>D\u00e9partement de Physique m\u00e9dicale<\/strong><\/a><\/p>\n<p>Au sein du groupe Advanced Functional Brain Imaging de la Division of Medical Physics, nous nous concentrons sur le d\u00e9veloppement de m\u00e9thodes d&#8217;acquisition et de post-traitement innovantes pour am\u00e9liorer l&#8217;imagerie par r\u00e9sonance magn\u00e9tique fonctionnelle (IRMf) et la spectroscopie par r\u00e9sonance magn\u00e9tique (SRM).<\/p>\n<p>Nos recherches en IRMf englobent plusieurs domaines cl\u00e9s. Nous avons notamment mis au point une s\u00e9quence d&#8217;IRMf ultrarapide appel\u00e9e enc\u00e9phalographie par RM (MREG), qui permet d&#8217;obtenir une imagerie 3D du cerveau entier avec une r\u00e9solution temporelle remarquable de 100 ms. En outre, nous explorons les avantages de l&#8217;imagerie IRMf multi\u00e9chog\u00e8ne. En optimisant les processus d&#8217;acquisition et d&#8217;analyse, nous visons \u00e0 mieux distinguer les effets BOLD fonctionnels des artefacts interf\u00e9rents, am\u00e9liorant ainsi la fiabilit\u00e9 des r\u00e9sultats de l&#8217;IRMf.<\/p>\n<p>Nous cr\u00e9ons \u00e9galement des solutions sp\u00e9cialis\u00e9es pour les applications cliniques, telles que l&#8217;examen des patients \u00e9pileptiques et d&#8217;autres sc\u00e9narios de neuro-imagerie. L&#8217;une de nos approches consiste \u00e0 combiner l&#8217;IRMf avec des enregistrements EEG simultan\u00e9s afin d&#8217;am\u00e9liorer la pr\u00e9cision du diagnostic et la compr\u00e9hension.<\/p>\n<p>Dans le cadre du projet IMAGINE-STIM, nous d\u00e9veloppons des m\u00e9thodes bas\u00e9es sur l&#8217;IRM structurelle et fonctionnelle pour visualiser les r\u00e9gions du cerveau qui sont influenc\u00e9es par la stimulation avec le syst\u00e8me Precisis EASEE. Cette initiative vise \u00e0 approfondir notre compr\u00e9hension des m\u00e9canismes d&#8217;action de cette forme sp\u00e9cifique de stimulation.<\/p><h3>Les partenaires associ\u00e9s<\/h3><p>Les partenaires associ\u00e9s au projet IMAGINE-STIM sont :<\/p>\n<ul>\n<li><strong><strong><a href=\"https:\/\/www.igbmc.fr\/\">L&#8217;IGBMC<\/a> (<\/strong>Institut de g\u00e9n\u00e9tique, biologie mol\u00e9culaire et cellulaire) <\/strong>est d\u00e9di\u00e9 \u00e0 la compr\u00e9hension des m\u00e9canismes fondamentaux de\u00a0 l\u2019expression des g\u00e8nes ainsi que de ceux qui dirigent l\u2019organisation et\u00a0 la destin\u00e9e des cellules dans un contexte normal ou pathologique<br \/>pour leur expertise des mod\u00e8les pr\u00e9clinique de d\u00e9ficience-\u00e9pilepsie<strong>.<br \/><br \/><\/strong><\/li>\n<li><a href=\"https:\/\/diakonie-kork.de\/\"><strong>Le Centre d\u2019\u00c9pilepsie Kehl-Kork<\/strong><\/a> est un centre renomm\u00e9 transfrontalier et participent de longue date \u00e0 SEEK (Stra\u00dfburg Epilepsie Eurodistrikt Kork): Plateforme transfrontali\u00e8re en \u00e9pileptologie clinique.<br \/><br \/><\/li>\n<li><strong><a href=\"https:\/\/strasand.fr\/\">STRAS&amp;ND <\/a><a href=\"https:\/\/strasand.fr\/\">(Centre d\u2019Excellence autisme et trouble du neurod\u00e9veloppement\u00a0 &#8211;<\/a>HUS)\u00a0<\/strong>\n<p>Le centre STRAS&amp;ND rassemble une trentaine d\u2019\u00e9quipes de recherche et services cliniques et plus de 60 cliniciens et chercheurs statutaires d\u2019un large \u00e9ventail d\u2019expertises et de disciplines autour des troubles du spectre de l\u2019autisme (TSA) et d\u2019autres troubles neurod\u00e9veloppementaux (TND) (d\u00e9ficiences Intellectuelles, trouble d\u00e9ficit d\u2019attention \/hyperactivit\u00e9, troubles du langage et des apprentissages, \u00e9pilepsies neurod\u00e9veloppementales, etc.)<\/p>\n<p>STRAS&amp;ND est associ\u00e9 au projet Imagine-Stim afin d&#8217;apporter son expertise et aider \u00e0 la mise en place d&#8217;un r\u00e9seau, en vu de la vulgarisation scientifique et l\u2019information \u00e0 destination des personnes concern\u00e9es et des associations de patients de part et d\u2019autre du Rhin.<\/p>\n<\/li>\n<li><strong><a href=\"https:\/\/easee.precisis.de\/en\/\">L&#8217;entreprise Precisis<\/a>\u00a0<\/strong> propose des techniques de stimulation c\u00e9r\u00e9brale individualis\u00e9e par un dispositif implant\u00e9 sous le scalp qui permet diff\u00e9rents types de stimulations.<\/li>\n<\/ul>","protected":false},"excerpt":{"rendered":"<p>IMAGINE-STIM est un projet de collaboration transfrontali\u00e8re du programme Offensive Sciences de la R\u00e9gion M\u00e9tropolitaine trinationale du Rhin Sup\u00e9rieur. Des \u00e9quipes de recherche franco-allemandes travailleront ensemble afin de mieux comprendre les maladies rares et complexes du cerveau, qui g\u00e9n\u00e8rent \u00e0<\/p>\n","protected":false},"author":1,"featured_media":0,"parent":0,"menu_order":0,"comment_status":"closed","ping_status":"closed","template":"","meta":{"footnotes":""},"class_list":["post-50","page","type-page","status-publish","hentry"],"_links":{"self":[{"href":"https:\/\/imagine-stim.eu\/index.php\/wp-json\/wp\/v2\/pages\/50","targetHints":{"allow":["GET"]}}],"collection":[{"href":"https:\/\/imagine-stim.eu\/index.php\/wp-json\/wp\/v2\/pages"}],"about":[{"href":"https:\/\/imagine-stim.eu\/index.php\/wp-json\/wp\/v2\/types\/page"}],"author":[{"embeddable":true,"href":"https:\/\/imagine-stim.eu\/index.php\/wp-json\/wp\/v2\/users\/1"}],"replies":[{"embeddable":true,"href":"https:\/\/imagine-stim.eu\/index.php\/wp-json\/wp\/v2\/comments?post=50"}],"version-history":[{"count":116,"href":"https:\/\/imagine-stim.eu\/index.php\/wp-json\/wp\/v2\/pages\/50\/revisions"}],"predecessor-version":[{"id":446,"href":"https:\/\/imagine-stim.eu\/index.php\/wp-json\/wp\/v2\/pages\/50\/revisions\/446"}],"wp:attachment":[{"href":"https:\/\/imagine-stim.eu\/index.php\/wp-json\/wp\/v2\/media?parent=50"}],"curies":[{"name":"wp","href":"https:\/\/api.w.org\/{rel}","templated":true}]}}